{"id":26,"date":"2014-10-15T10:31:01","date_gmt":"2014-10-15T08:31:01","guid":{"rendered":"http:\/\/jugendserver-bruvi.de\/sgjr\/?page_id=26"},"modified":"2020-10-08T14:12:00","modified_gmt":"2020-10-08T12:12:00","slug":"mitglieder","status":"publish","type":"page","link":"http:\/\/jugendserver-bruvi.de\/sgjr\/?page_id=26","title":{"rendered":"Mitglieder"},"content":{"rendered":"<p><a title=\"TV Bruchhausen-Vilsen\" href=\"http:\/\/www.TV-Bruchhausen-Vilsen.de\" target=\"_blank\">TV Bruchhausen-Vilsen<\/a><br \/>\n<a title=\"SV \" href=\"http:\/\/www.svbv.de\" target=\"_blank\">SV Bruchhausen-Vilsen<\/a><br \/>\n<a href=\"https:\/\/www.tsv-suestedt.de\" target=\"_blank\">TSV S\u00fcstedt<\/a><br \/>\n<a title=\"CPD\" href=\"http:\/\/www.cp-vilsen.de\/\" target=\"_blank\">Christliche Pfadfinderschaft Deutschlands (CPD)<\/a><br \/>\nBund der Pfadfinderinnen und Pfadfinder (BdP)<br \/>\n<a title=\"DLRG\" href=\"http:\/\/www.bruchhausen-vilsen.dlrg.de\" target=\"_blank\">DLRG Bruchhausen-Vilsen<\/a><br \/>\nRelease<br \/>\n<a title=\"Landjugend\" href=\"http:\/\/www.laju-asendorf.de\" target=\"_blank\">Landjugend Asendorf<\/a><br \/>\nGefl\u00fcgelz\u00fcchterverein<br \/>\n<a title=\"Feuerwehren\" href=\"http:\/\/jugendfeuerwehr.ff-bruchhausen-vilsen.de\/\" target=\"_blank\">Jugendfeuerwehren der Samtgemeinde<\/a><br \/>\nSch\u00fctzenvereine der Samtgemeinde<br \/>\n<a title=\"Jugendh\u00e4user\" href=\"http:\/\/bruchhausen-vilsen.de\/buergerinfo\/bildung-familie-senioren\/jugendarbeit.html\" target=\"_blank\">Jugendh\u00e4user der Gemeinden<\/a><br \/>\nPrint Projekt<\/p>\n<p>&nbsp;<\/p>\n<p>&nbsp;<\/p>\n<p>&nbsp;<\/p>\n","protected":false},"excerpt":{"rendered":"<p>TV Bruchhausen-Vilsen SV Bruchhausen-Vilsen TSV S\u00fcstedt Christliche Pfadfinderschaft Deutschlands (CPD) Bund der Pfadfinderinnen und Pfadfinder (BdP) DLRG Bruchhausen-Vilsen Release Landjugend Asendorf Gefl\u00fcgelz\u00fcchterverein Jugendfeuerwehren der Samtgemeinde Sch\u00fctzenvereine der Samtgemeinde Jugendh\u00e4user der Gemeinden Print Projekt &nbsp; &nbsp; &nbsp;<\/p>\n","protected":false},"author":4,"featured_media":0,"parent":0,"menu_order":0,"comment_status":"closed","ping_status":"closed","template":"","meta":[],"_links":{"self":[{"href":"http:\/\/jugendserver-bruvi.de\/sgjr\/index.php?rest_route=\/wp\/v2\/pages\/26"}],"collection":[{"href":"http:\/\/jugendserver-bruvi.de\/sgjr\/index.php?rest_route=\/wp\/v2\/pages"}],"about":[{"href":"http:\/\/jugendserver-bruvi.de\/sgjr\/index.php?rest_route=\/wp\/v2\/types\/page"}],"author":[{"embeddable":true,"href":"http:\/\/jugendserver-bruvi.de\/sgjr\/index.php?rest_route=\/wp\/v2\/users\/4"}],"replies":[{"embeddable":true,"href":"http:\/\/jugendserver-bruvi.de\/sgjr\/index.php?rest_route=%2Fwp%2Fv2%2Fcomments&post=26"}],"version-history":[{"count":6,"href":"http:\/\/jugendserver-bruvi.de\/sgjr\/index.php?rest_route=\/wp\/v2\/pages\/26\/revisions"}],"predecessor-version":[{"id":152,"href":"http:\/\/jugendserver-bruvi.de\/sgjr\/index.php?rest_route=\/wp\/v2\/pages\/26\/revisions\/152"}],"wp:attachment":[{"href":"http:\/\/jugendserver-bruvi.de\/sgjr\/index.php?rest_route=%2Fwp%2Fv2%2Fmedia&parent=26"}],"curies":[{"name":"wp","href":"https:\/\/api.w.org\/{rel}","templated":true}]}}